{"id":4379,"date":"2019-01-31T14:29:40","date_gmt":"2019-01-31T13:29:40","guid":{"rendered":"https:\/\/www.hotel-campanile-creteil.fr\/seminaires\/"},"modified":"2020-09-01T15:00:52","modified_gmt":"2020-09-01T13:00:52","slug":"seminarios","status":"publish","type":"page","link":"https:\/\/www.hotel-campanile-creteil.fr\/es\/seminarios\/","title":{"rendered":"Seminarios"},"content":{"rendered":"\t\t<div data-elementor-type=\"wp-post\" data-elementor-id=\"4379\" class=\"elementor elementor-4379 elementor-1846\" data-elementor-post-type=\"page\">\n\t\t\t\t\t\t<section class=\"elementor-section elementor-top-section elementor-element elementor-element-011408e elementor-section-stretched elementor-section-full_width elementor-section-height-default elementor-section-height-default\" data-id=\"011408e\" data-element_type=\"section\" data-settings=\"{&quot;stretch_section&quot;:&quot;section-stretched&quot;}\">\n\t\t\t\t\t\t<div class=\"elementor-container elementor-column-gap-no\">\n\t\t\t\t\t<div class=\"elementor-column elementor-col-100 elementor-top-column elementor-element elementor-element-580f843\" data-id=\"580f843\" data-element_type=\"column\">\n\t\t\t<div class=\"elementor-widget-wrap elementor-element-populated\">\n\t\t\t\t\t\t<div class=\"elementor-element elementor-element-bff081c ee-switcher-skin--default ee-switcher-menu-show ee-switcher-menu-tablet-show ee-switcher-menu-mobile-hide ee-switcher-arrows-hide ee-switcher-arrows-tablet-hide ee-switcher-arrows-mobile-show ee-switcher-stack-tablet ee-switcher-menu-align--justify elementor-widget elementor-widget-ee-switcher\" data-id=\"bff081c\" data-element_type=\"widget\" data-settings=\"{&quot;autoplay&quot;:&quot;yes&quot;,&quot;loop&quot;:&quot;yes&quot;,&quot;effect_entrance_preview&quot;:&quot;yes&quot;,&quot;duration&quot;:{&quot;unit&quot;:&quot;px&quot;,&quot;size&quot;:&quot;&quot;,&quot;sizes&quot;:[]},&quot;menu&quot;:&quot;show&quot;,&quot;menu_tablet&quot;:&quot;show&quot;,&quot;menu_mobile&quot;:&quot;hide&quot;,&quot;arrows&quot;:&quot;hide&quot;,&quot;arrows_tablet&quot;:&quot;hide&quot;,&quot;arrows_mobile&quot;:&quot;show&quot;,&quot;effect_entrance&quot;:&quot;yes&quot;,&quot;speed&quot;:{&quot;unit&quot;:&quot;px&quot;,&quot;size&quot;:&quot;&quot;,&quot;sizes&quot;:[]},&quot;effect_media&quot;:&quot;swipeLeft&quot;,&quot;effect_media_zoom&quot;:&quot;yes&quot;,&quot;effect_title&quot;:&quot;slideLeft&quot;,&quot;effect_title_stagger&quot;:&quot;yes&quot;}\" data-widget_type=\"ee-switcher.classic\">\n\t\t\t\t<div class=\"elementor-widget-container\">\n\t\t\t\t\t\n\t\t<div class=\"ee-switcher ee-switcher--stack-tablet\">\n\t\t\t<div class=\"ee-switcher__wrapper\">\n\t\n\t\t\t\t<div class=\"ee-switcher__media-wrapper ee-media--stretch\">\n\t\t\t\t\t\n\t\t<div class=\"ee-switcher__media ee-media ee-effect--swipeLeft\">\n\t\t\t<div class=\"ee-media__wrapper ee-switcher__media__items\">\n\t\t\t\t\n\t\t\t\t<div class=\"ee-switcher__media__item ee-media__thumbnail\"><img decoding=\"async\" src=\"https:\/\/www.hotel-campanile-creteil.fr\/wp-content\/uploads\/2019\/03\/27-seminaire.jpg\" alt=\"27-seminaire\" title=\"27-seminaire\"\/>\n\t\t\t\t<\/div>\n\n\t\t\t\t\t\t\t<\/div>\n\t\t\t<div class=\"ee-switcher__media__overlay ee-media__overlay\"><\/div>\n\t\t<\/div>\n\n\t\t\t\t\t\t<\/div>\n\n\t\t\t\t<div class=\"ee-switcher__content-wrapper\">\n\t\t\t\t\t<div class=\"ee-switcher__content\">\n\t\t\t\t\t\t<div class=\"ee-switcher__titles\">\n\t\t\t\n\t\t\t<div class=\"ee-switcher__titles__title\">\n\t\t\t\t<h1 class=\"ee-switcher__title\">ORGANIZA TUS SEMINARIOS EN EL HOTEL CAMPANILE CRETEIL<\/h1>\n\t\t\t<\/div>\n\n\t\t\t\t\t<\/div>\n\n\t\t\n\t\t<div class=\"ee-switcher__descriptions\">\n\t\t\t\n\t\t\t<div class=\"ee-switcher__descriptions__description\">\n\t\t\t\tl Hotel Campanile Cr\u00e9teil le ofrece una ubicaci\u00f3n ideal para la celebraci\u00f3n de sus seminarios. Accesible desde Par\u00eds y sus alrededores, tiene Wi-Fi gratuito en todo el establecimiento. \t\t\t<\/div>\n\n\t\t\t\t\t<\/div>\n\n\t\t\n\t\t<ul  class=\"ee-switcher__nav ee-nav ee-nav--stacked\">\n\t\t\t\n\t\t\t<li class=\"ee-switcher__nav__item ee-nav__item elementor-repeater-item-fd49846\"><span class=\"ee-loader\">\n\t\t\t\t\t<span class=\"ee-loader__progress\"><\/span>\n\t\t\t\t<\/span>\n\t\t\t<\/li>\n\n\t\t\t\t\t<\/ul>\n\n\t\t\n\t\t<ul class=\"ee-switcher__arrows\">\n\t\t\t<li class=\"ee-arrow ee-arrow--prev\">\n\t\t\t\t<i class=\"eicon-chevron-left\"><\/i>\n\t\t\t<\/li>\n\t\t\t<li class=\"ee-arrow ee-arrow--next\">\n\t\t\t\t<i class=\"eicon-chevron-right\"><\/i>\n\t\t\t\t<svg x=\"0px\" y=\"0px\" viewBox=\"0 0 80 80\" xml:space=\"preserve\" class=\"ee-arrow__svg\">\n\t\t\t\t\t<defs>\n\t\t\t\t\t\t<clipPath id=\"clipLoaderbff081c\">\n\t\t\t\t\t\t\t<circle cx=\"40\" cy=\"40\" r=\"40\"\/>\n\t\t\t\t\t\t<\/clipPath>\n\t\t\t\t\t<\/defs>\n\t\t\t\t\t<circle transform=\"rotate(-90 40 40)\" class=\"ee-arrow__circle--loader\" stroke-dasharray=\"227\" stroke-dashoffset=\"227\" cx=\"40\" cy=\"40\" r=\"40\" fill=\"transparent\" stroke=\"transparent\" stroke-width=\"4\" vector-effect=\"non-scaling-stroke\" clip-path=\"url(#clipLoaderbff081c)\" \/>\n\t\t\t\t<\/svg>\n\t\t\t<\/li>\n\t\t<\/ul>\t\t\t\t\t<\/div>\n\t\t\t\t<\/div>\n\n\t\t\t<\/div>\n\t\t<\/div>\n\n\t\t\t\t\t\t<\/div>\n\t\t\t\t<\/div>\n\t\t\t\t\t<\/div>\n\t\t<\/div>\n\t\t\t\t\t<\/div>\n\t\t<\/section>\n\t\t\t\t<section class=\"elementor-section elementor-top-section elementor-element elementor-element-24a3773 elementor-section-stretched elementor-section-full_width elementor-section-height-full elementor-section-content-middle elementor-section-height-default elementor-section-items-middle\" data-id=\"24a3773\" data-element_type=\"section\" data-settings=\"{&quot;stretch_section&quot;:&quot;section-stretched&quot;,&quot;background_background&quot;:&quot;classic&quot;}\">\n\t\t\t\t\t\t<div class=\"elementor-container elementor-column-gap-default\">\n\t\t\t\t\t<div class=\"elementor-column elementor-col-100 elementor-top-column elementor-element elementor-element-b67e7eb\" data-id=\"b67e7eb\" data-element_type=\"column\">\n\t\t\t<div class=\"elementor-widget-wrap elementor-element-populated\">\n\t\t\t\t\t\t<div class=\"elementor-element elementor-element-1a786625 elementor-widget elementor-widget-heading\" data-id=\"1a786625\" data-element_type=\"widget\" data-widget_type=\"heading.default\">\n\t\t\t\t<div class=\"elementor-widget-container\">\n\t\t\t\t\t<h2 class=\"elementor-heading-title elementor-size-xl\">Capacidad de las salas<\/h2>\t\t\t\t<\/div>\n\t\t\t\t<\/div>\n\t\t\t\t<div class=\"elementor-element elementor-element-1c14621 elementor-hidden-desktop elementor-widget elementor-widget-text-editor\" data-id=\"1c14621\" data-element_type=\"widget\" data-widget_type=\"text-editor.default\">\n\t\t\t\t<div class=\"elementor-widget-container\">\n\t\t\t\t\t\t\t\t\t<p>Sala de seminarios (60 m\u00b2)<\/p>\t\t\t\t\t\t\t\t<\/div>\n\t\t\t\t<\/div>\n\t\t\t\t<section class=\"elementor-section elementor-inner-section elementor-element elementor-element-b544cfa elementor-section-full_width elementor-hidden-desktop elementor-section-height-default elementor-section-height-default\" data-id=\"b544cfa\" data-element_type=\"section\">\n\t\t\t\t\t\t<div class=\"elementor-container elementor-column-gap-no\">\n\t\t\t\t\t<div class=\"elementor-column elementor-col-33 elementor-inner-column elementor-element elementor-element-6effbc5\" data-id=\"6effbc5\" data-element_type=\"column\">\n\t\t\t<div class=\"elementor-widget-wrap elementor-element-populated\">\n\t\t\t\t\t\t<div class=\"elementor-element elementor-element-7e99c88 elementor-widget elementor-widget-image\" data-id=\"7e99c88\" data-element_type=\"widget\" data-widget_type=\"image.default\">\n\t\t\t\t<div class=\"elementor-widget-container\">\n\t\t\t\t\t\t\t\t\t\t\t\t\t\t\t<img decoding=\"async\" width=\"150\" height=\"93\" src=\"https:\/\/www.hotel-campanile-creteil.fr\/wp-content\/uploads\/2019\/02\/reunion.png\" class=\"attachment-medium size-medium wp-image-1996\" alt=\"\" \/>\t\t\t\t\t\t\t\t\t\t\t\t\t\t\t<\/div>\n\t\t\t\t<\/div>\n\t\t\t\t<div class=\"elementor-element elementor-element-6273a94 elementor-widget elementor-widget-heading\" data-id=\"6273a94\" data-element_type=\"widget\" data-widget_type=\"heading.default\">\n\t\t\t\t<div class=\"elementor-widget-container\">\n\t\t\t\t\t<p class=\"elementor-heading-title elementor-size-xl\">Reuni\u00f3n (60) <\/p>\t\t\t\t<\/div>\n\t\t\t\t<\/div>\n\t\t\t\t\t<\/div>\n\t\t<\/div>\n\t\t\t\t<div class=\"elementor-column elementor-col-33 elementor-inner-column elementor-element elementor-element-2a1f1fb\" data-id=\"2a1f1fb\" data-element_type=\"column\">\n\t\t\t<div class=\"elementor-widget-wrap elementor-element-populated\">\n\t\t\t\t\t\t<div class=\"elementor-element elementor-element-c422f04 elementor-widget elementor-widget-image\" data-id=\"c422f04\" data-element_type=\"widget\" data-widget_type=\"image.default\">\n\t\t\t\t<div class=\"elementor-widget-container\">\n\t\t\t\t\t\t\t\t\t\t\t\t\t\t\t<img decoding=\"async\" width=\"150\" height=\"81\" src=\"https:\/\/www.hotel-campanile-creteil.fr\/wp-content\/uploads\/2019\/02\/u.png\" class=\"attachment-medium size-medium wp-image-2003\" alt=\"\" \/>\t\t\t\t\t\t\t\t\t\t\t\t\t\t\t<\/div>\n\t\t\t\t<\/div>\n\t\t\t\t<div class=\"elementor-element elementor-element-1785f1c elementor-widget elementor-widget-heading\" data-id=\"1785f1c\" data-element_type=\"widget\" data-widget_type=\"heading.default\">\n\t\t\t\t<div class=\"elementor-widget-container\">\n\t\t\t\t\t<p class=\"elementor-heading-title elementor-size-xl\">U (60) <\/p>\t\t\t\t<\/div>\n\t\t\t\t<\/div>\n\t\t\t\t\t<\/div>\n\t\t<\/div>\n\t\t\t\t<div class=\"elementor-column elementor-col-33 elementor-inner-column elementor-element elementor-element-7adef94\" data-id=\"7adef94\" data-element_type=\"column\">\n\t\t\t<div class=\"elementor-widget-wrap elementor-element-populated\">\n\t\t\t\t\t\t<div class=\"elementor-element elementor-element-4c467fe elementor-widget elementor-widget-image\" data-id=\"4c467fe\" data-element_type=\"widget\" data-widget_type=\"image.default\">\n\t\t\t\t<div class=\"elementor-widget-container\">\n\t\t\t\t\t\t\t\t\t\t\t\t\t\t\t<img decoding=\"async\" width=\"89\" height=\"81\" src=\"https:\/\/www.hotel-campanile-creteil.fr\/wp-content\/uploads\/2019\/02\/conference.png\" class=\"attachment-medium size-medium wp-image-2017\" alt=\"\" \/>\t\t\t\t\t\t\t\t\t\t\t\t\t\t\t<\/div>\n\t\t\t\t<\/div>\n\t\t\t\t<div class=\"elementor-element elementor-element-0c68b6d elementor-widget elementor-widget-heading\" data-id=\"0c68b6d\" data-element_type=\"widget\" data-widget_type=\"heading.default\">\n\t\t\t\t<div class=\"elementor-widget-container\">\n\t\t\t\t\t<p class=\"elementor-heading-title elementor-size-xl\">Conferencia (60) <\/p>\t\t\t\t<\/div>\n\t\t\t\t<\/div>\n\t\t\t\t\t<\/div>\n\t\t<\/div>\n\t\t\t\t\t<\/div>\n\t\t<\/section>\n\t\t\t\t\t<\/div>\n\t\t<\/div>\n\t\t\t\t\t<\/div>\n\t\t<\/section>\n\t\t\t\t<section class=\"elementor-section elementor-top-section elementor-element elementor-element-4015681c elementor-section-stretched elementor-section-full_width elementor-section-height-full elementor-section-height-default elementor-section-items-middle\" data-id=\"4015681c\" data-element_type=\"section\" id=\"services\" data-settings=\"{&quot;stretch_section&quot;:&quot;section-stretched&quot;}\">\n\t\t\t\t\t\t<div class=\"elementor-container elementor-column-gap-default\">\n\t\t\t\t\t<div class=\"elementor-column elementor-col-100 elementor-top-column elementor-element elementor-element-11254579\" data-id=\"11254579\" data-element_type=\"column\">\n\t\t\t<div class=\"elementor-widget-wrap elementor-element-populated\">\n\t\t\t\t\t\t<div class=\"elementor-element elementor-element-3d855af elementor-widget elementor-widget-heading\" data-id=\"3d855af\" data-element_type=\"widget\" data-widget_type=\"heading.default\">\n\t\t\t\t<div class=\"elementor-widget-container\">\n\t\t\t\t\t<h2 class=\"elementor-heading-title elementor-size-xl\">Equipo disponible<\/h2>\t\t\t\t<\/div>\n\t\t\t\t<\/div>\n\t\t\t\t<section class=\"elementor-section elementor-inner-section elementor-element elementor-element-575236f2 elementor-section-full_width elementor-section-height-default elementor-section-height-default\" data-id=\"575236f2\" data-element_type=\"section\">\n\t\t\t\t\t\t<div class=\"elementor-container elementor-column-gap-no\">\n\t\t\t\t\t<div class=\"elementor-column elementor-col-25 elementor-inner-column elementor-element elementor-element-39c92fe6\" data-id=\"39c92fe6\" data-element_type=\"column\">\n\t\t\t<div class=\"elementor-widget-wrap elementor-element-populated\">\n\t\t\t\t\t\t<div class=\"elementor-element elementor-element-71260e99 elementor-widget elementor-widget-text-editor\" data-id=\"71260e99\" data-element_type=\"widget\" data-widget_type=\"text-editor.default\">\n\t\t\t\t<div class=\"elementor-widget-container\">\n\t\t\t\t\t\t\t\t\t<p>Estacionamiento en el lugar<\/p><div>\u00a0<\/div>\t\t\t\t\t\t\t\t<\/div>\n\t\t\t\t<\/div>\n\t\t\t\t\t<\/div>\n\t\t<\/div>\n\t\t\t\t<div class=\"elementor-column elementor-col-25 elementor-inner-column elementor-element elementor-element-799dfe9a\" data-id=\"799dfe9a\" data-element_type=\"column\">\n\t\t\t<div class=\"elementor-widget-wrap elementor-element-populated\">\n\t\t\t\t\t\t<div class=\"elementor-element elementor-element-491ca2ca elementor-widget elementor-widget-text-editor\" data-id=\"491ca2ca\" data-element_type=\"widget\" data-widget_type=\"text-editor.default\">\n\t\t\t\t<div class=\"elementor-widget-container\">\n\t\t\t\t\t\t\t\t\t<p>\u00c1rea de relajaci\u00f3n<\/p>\t\t\t\t\t\t\t\t<\/div>\n\t\t\t\t<\/div>\n\t\t\t\t\t<\/div>\n\t\t<\/div>\n\t\t\t\t<div class=\"elementor-column elementor-col-25 elementor-inner-column elementor-element elementor-element-a5455b5\" data-id=\"a5455b5\" data-element_type=\"column\">\n\t\t\t<div class=\"elementor-widget-wrap elementor-element-populated\">\n\t\t\t\t\t\t<div class=\"elementor-element elementor-element-31e33239 elementor-widget elementor-widget-text-editor\" data-id=\"31e33239\" data-element_type=\"widget\" data-widget_type=\"text-editor.default\">\n\t\t\t\t<div class=\"elementor-widget-container\">\n\t\t\t\t\t\t\t\t\t<p>Pantalla LCD<\/p>\t\t\t\t\t\t\t\t<\/div>\n\t\t\t\t<\/div>\n\t\t\t\t\t<\/div>\n\t\t<\/div>\n\t\t\t\t<div class=\"elementor-column elementor-col-25 elementor-inner-column elementor-element elementor-element-4727552c\" data-id=\"4727552c\" data-element_type=\"column\">\n\t\t\t<div class=\"elementor-widget-wrap elementor-element-populated\">\n\t\t\t\t\t\t<div class=\"elementor-element elementor-element-7090052d elementor-widget elementor-widget-text-editor\" data-id=\"7090052d\" data-element_type=\"widget\" data-widget_type=\"text-editor.default\">\n\t\t\t\t<div class=\"elementor-widget-container\">\n\t\t\t\t\t\t\t\t\t<p>Bloques-notas y stylos<\/p>\t\t\t\t\t\t\t\t<\/div>\n\t\t\t\t<\/div>\n\t\t\t\t\t<\/div>\n\t\t<\/div>\n\t\t\t\t\t<\/div>\n\t\t<\/section>\n\t\t\t\t<section class=\"elementor-section elementor-inner-section elementor-element elementor-element-555d74da elementor-section-full_width elementor-section-height-default elementor-section-height-default\" data-id=\"555d74da\" data-element_type=\"section\">\n\t\t\t\t\t\t<div class=\"elementor-container elementor-column-gap-no\">\n\t\t\t\t\t<div class=\"elementor-column elementor-col-25 elementor-inner-column elementor-element elementor-element-68c4c83b\" data-id=\"68c4c83b\" data-element_type=\"column\">\n\t\t\t<div class=\"elementor-widget-wrap elementor-element-populated\">\n\t\t\t\t\t\t<div class=\"elementor-element elementor-element-5f9154c1 elementor-widget elementor-widget-text-editor\" data-id=\"5f9154c1\" data-element_type=\"widget\" data-widget_type=\"text-editor.default\">\n\t\t\t\t<div class=\"elementor-widget-container\">\n\t\t\t\t\t\t\t\t\t<p>Wi-Fi<\/p>\t\t\t\t\t\t\t\t<\/div>\n\t\t\t\t<\/div>\n\t\t\t\t\t<\/div>\n\t\t<\/div>\n\t\t\t\t<div class=\"elementor-column elementor-col-25 elementor-inner-column elementor-element elementor-element-3fdc5ce8\" data-id=\"3fdc5ce8\" data-element_type=\"column\">\n\t\t\t<div class=\"elementor-widget-wrap elementor-element-populated\">\n\t\t\t\t\t\t<div class=\"elementor-element elementor-element-7dd957ec elementor-widget elementor-widget-text-editor\" data-id=\"7dd957ec\" data-element_type=\"widget\" data-widget_type=\"text-editor.default\">\n\t\t\t\t<div class=\"elementor-widget-container\">\n\t\t\t\t\t\t\t\t\t<p>Proyector de v\u00eddeo<\/p>\t\t\t\t\t\t\t\t<\/div>\n\t\t\t\t<\/div>\n\t\t\t\t\t<\/div>\n\t\t<\/div>\n\t\t\t\t<div class=\"elementor-column elementor-col-25 elementor-inner-column elementor-element elementor-element-1253839f\" data-id=\"1253839f\" data-element_type=\"column\">\n\t\t\t<div class=\"elementor-widget-wrap elementor-element-populated\">\n\t\t\t\t\t\t<div class=\"elementor-element elementor-element-740206dc elementor-widget elementor-widget-text-editor\" data-id=\"740206dc\" data-element_type=\"widget\" data-widget_type=\"text-editor.default\">\n\t\t\t\t<div class=\"elementor-widget-container\">\n\t\t\t\t\t\t\t\t\t<p>Paperboard<\/p>\t\t\t\t\t\t\t\t<\/div>\n\t\t\t\t<\/div>\n\t\t\t\t\t<\/div>\n\t\t<\/div>\n\t\t\t\t<div class=\"elementor-column elementor-col-25 elementor-inner-column elementor-element elementor-element-2ccbe9c4\" data-id=\"2ccbe9c4\" data-element_type=\"column\">\n\t\t\t<div class=\"elementor-widget-wrap elementor-element-populated\">\n\t\t\t\t\t\t<div class=\"elementor-element elementor-element-7d5a06c1 elementor-widget elementor-widget-text-editor\" data-id=\"7d5a06c1\" data-element_type=\"widget\" data-widget_type=\"text-editor.default\">\n\t\t\t\t<div class=\"elementor-widget-container\">\n\t\t\t\t\t\t\t\t\t<p>Climatizaci\u00f3n<\/p>\t\t\t\t\t\t\t\t<\/div>\n\t\t\t\t<\/div>\n\t\t\t\t\t<\/div>\n\t\t<\/div>\n\t\t\t\t\t<\/div>\n\t\t<\/section>\n\t\t\t\t\t<\/div>\n\t\t<\/div>\n\t\t\t\t\t<\/div>\n\t\t<\/section>\n\t\t\t\t<section class=\"elementor-section elementor-top-section elementor-element elementor-element-598a6331 elementor-section-boxed elementor-section-height-default elementor-section-height-default\" data-id=\"598a6331\" data-element_type=\"section\">\n\t\t\t\t\t\t<div class=\"elementor-container elementor-column-gap-default\">\n\t\t\t\t\t<div class=\"elementor-column elementor-col-100 elementor-top-column elementor-element elementor-element-75bc321e\" data-id=\"75bc321e\" data-element_type=\"column\">\n\t\t\t<div class=\"elementor-widget-wrap elementor-element-populated\">\n\t\t\t\t\t\t<div class=\"elementor-element elementor-element-1797c44f elementor-cta--skin-classic elementor-animated-content elementor-bg-transform elementor-bg-transform-zoom-in elementor-widget elementor-widget-call-to-action\" data-id=\"1797c44f\" data-element_type=\"widget\" data-widget_type=\"call-to-action.default\">\n\t\t\t\t<div class=\"elementor-widget-container\">\n\t\t\t\t\t\t\t<a class=\"elementor-cta\" href=\"http:\/\/www.secure-hotel-booking.com\/Campanile-Creteil-Centre\/26FY\/search\">\n\t\t\t\t\t<div class=\"elementor-cta__bg-wrapper\">\n\t\t\t\t<div class=\"elementor-cta__bg elementor-bg\" style=\"background-image: url(https:\/\/www.hotel-campanile-creteil.fr\/wp-content\/uploads\/2019\/03\/1.jpg);\" role=\"img\" aria-label=\"1\"><\/div>\n\t\t\t\t<div class=\"elementor-cta__bg-overlay\"><\/div>\n\t\t\t<\/div>\n\t\t\t\t\t\t\t<div class=\"elementor-cta__content\">\n\t\t\t\t\n\t\t\t\t\t\t\t\t\t<h2 class=\"elementor-cta__title elementor-cta__content-item elementor-content-item\">\n\t\t\t\t\t\tNO ESPERES M\u00c1S\t\t\t\t\t<\/h2>\n\t\t\t\t\n\t\t\t\t\t\t\t\t\t<div class=\"elementor-cta__description elementor-cta__content-item elementor-content-item\">\n\t\t\t\t\t\tConsulte nuestros precios y benef\u00edciese de nuestras mejores ofertas. <br \/>\nLA MEJOR TASA GARANTIZADA\t\t\t\t\t<\/div>\n\t\t\t\t\n\t\t\t\t\t\t\t\t\t<div class=\"elementor-cta__button-wrapper elementor-cta__content-item elementor-content-item \">\n\t\t\t\t\t<span class=\"elementor-cta__button elementor-button elementor-size-\">\n\t\t\t\t\t\tVOY A IR!\t\t\t\t\t<\/span>\n\t\t\t\t\t<\/div>\n\t\t\t\t\t\t\t<\/div>\n\t\t\t\t\t\t<\/a>\n\t\t\t\t\t\t<\/div>\n\t\t\t\t<\/div>\n\t\t\t\t\t<\/div>\n\t\t<\/div>\n\t\t\t\t\t<\/div>\n\t\t<\/section>\n\t\t\t\t<\/div>\n\t\t","protected":false},"excerpt":{"rendered":"<p>ORGANIZA TUS SEMINARIOS EN EL HOTEL CAMPANILE CRETEIL l Hotel Campanile Cr\u00e9teil le ofrece una ubicaci\u00f3n ideal para la celebraci\u00f3n de sus seminarios. Accesible desde Par\u00eds y sus alrededores, tiene Wi-Fi gratuito en todo el establecimiento. Capacidad de las salas Sala Reuni\u00f3n U Rango de la escuela Conferencia Cabaret Banquete Cocktail Sala de seminarios (60 [&hellip;]<\/p>\n","protected":false},"author":109,"featured_media":0,"parent":0,"menu_order":0,"comment_status":"closed","ping_status":"closed","template":"","meta":{"_seopress_robots_primary_cat":"","_seopress_titles_title":"","_seopress_titles_desc":"","_seopress_robots_index":"","ocean_post_layout":"","ocean_both_sidebars_style":"","ocean_both_sidebars_content_width":0,"ocean_both_sidebars_sidebars_width":0,"ocean_sidebar":"0","ocean_second_sidebar":"0","ocean_disable_margins":"on","ocean_add_body_class":"","ocean_shortcode_before_top_bar":"","ocean_shortcode_after_top_bar":"","ocean_shortcode_before_header":"","ocean_shortcode_after_header":"","ocean_has_shortcode":"","ocean_shortcode_after_title":"","ocean_shortcode_before_footer_widgets":"","ocean_shortcode_after_footer_widgets":"","ocean_shortcode_before_footer_bottom":"","ocean_shortcode_after_footer_bottom":"","ocean_display_top_bar":"off","ocean_display_header":"default","ocean_header_style":"custom","ocean_center_header_left_menu":"0","ocean_custom_header_template":"1719","ocean_custom_logo":0,"ocean_custom_retina_logo":0,"ocean_custom_logo_max_width":0,"ocean_custom_logo_tablet_max_width":0,"ocean_custom_logo_mobile_max_width":0,"ocean_custom_logo_max_height":0,"ocean_custom_logo_tablet_max_height":0,"ocean_custom_logo_mobile_max_height":0,"ocean_header_custom_menu":"0","ocean_menu_typo_font_family":"0","ocean_menu_typo_font_subset":"","ocean_menu_typo_font_size":0,"ocean_menu_typo_font_size_tablet":0,"ocean_menu_typo_font_size_mobile":0,"ocean_menu_typo_font_size_unit":"px","ocean_menu_typo_font_weight":"","ocean_menu_typo_font_weight_tablet":"","ocean_menu_typo_font_weight_mobile":"","ocean_menu_typo_transform":"","ocean_menu_typo_transform_tablet":"","ocean_menu_typo_transform_mobile":"","ocean_menu_typo_line_height":0,"ocean_menu_typo_line_height_tablet":0,"ocean_menu_typo_line_height_mobile":0,"ocean_menu_typo_line_height_unit":"","ocean_menu_typo_spacing":0,"ocean_menu_typo_spacing_tablet":0,"ocean_menu_typo_spacing_mobile":0,"ocean_menu_typo_spacing_unit":"","ocean_menu_link_color":"","ocean_menu_link_color_hover":"","ocean_menu_link_color_active":"","ocean_menu_link_background":"","ocean_menu_link_hover_background":"","ocean_menu_link_active_background":"","ocean_menu_social_links_bg":"","ocean_menu_social_hover_links_bg":"","ocean_menu_social_links_color":"","ocean_menu_social_hover_links_color":"","ocean_disable_title":"on","ocean_disable_heading":"on","ocean_post_title":"","ocean_post_subheading":"","ocean_post_title_style":"","ocean_post_title_background_color":"","ocean_post_title_background":0,"ocean_post_title_bg_image_position":"","ocean_post_title_bg_image_attachment":"","ocean_post_title_bg_image_repeat":"","ocean_post_title_bg_image_size":"","ocean_post_title_height":0,"ocean_post_title_bg_overlay":0.5,"ocean_post_title_bg_overlay_color":"","ocean_disable_breadcrumbs":"default","ocean_breadcrumbs_color":"","ocean_breadcrumbs_separator_color":"","ocean_breadcrumbs_links_color":"","ocean_breadcrumbs_links_hover_color":"","ocean_display_footer_widgets":"off","ocean_display_footer_bottom":"default","ocean_custom_footer_template":"0","footnotes":""},"class_list":{"0":"post-4379","1":"page","2":"type-page","3":"status-publish","5":"entry"},"_links":{"self":[{"href":"https:\/\/www.hotel-campanile-creteil.fr\/es\/wp-json\/wp\/v2\/pages\/4379","targetHints":{"allow":["GET"]}}],"collection":[{"href":"https:\/\/www.hotel-campanile-creteil.fr\/es\/wp-json\/wp\/v2\/pages"}],"about":[{"href":"https:\/\/www.hotel-campanile-creteil.fr\/es\/wp-json\/wp\/v2\/types\/page"}],"author":[{"embeddable":true,"href":"https:\/\/www.hotel-campanile-creteil.fr\/es\/wp-json\/wp\/v2\/users\/109"}],"replies":[{"embeddable":true,"href":"https:\/\/www.hotel-campanile-creteil.fr\/es\/wp-json\/wp\/v2\/comments?post=4379"}],"version-history":[{"count":3,"href":"https:\/\/www.hotel-campanile-creteil.fr\/es\/wp-json\/wp\/v2\/pages\/4379\/revisions"}],"predecessor-version":[{"id":4954,"href":"https:\/\/www.hotel-campanile-creteil.fr\/es\/wp-json\/wp\/v2\/pages\/4379\/revisions\/4954"}],"wp:attachment":[{"href":"https:\/\/www.hotel-campanile-creteil.fr\/es\/wp-json\/wp\/v2\/media?parent=4379"}],"curies":[{"name":"wp","href":"https:\/\/api.w.org\/{rel}","templated":true}]}}